{"id":983,"date":"2022-05-09T12:14:38","date_gmt":"2022-05-09T10:14:38","guid":{"rendered":"https:\/\/iotsquad.tech\/?page_id=983"},"modified":"2026-04-07T20:59:50","modified_gmt":"2026-04-07T19:59:50","slug":"privacy-policy","status":"publish","type":"page","link":"https:\/\/iotsquad.tech\/pl\/privacy-policy\/","title":{"rendered":"Polityka Prywatno\u015bci"},"content":{"rendered":"<div data-elementor-type=\"wp-page\" data-elementor-id=\"983\" class=\"elementor elementor-983\">\n\t\t\t\t\t\t<section class=\"elementor-section elementor-top-section elementor-element elementor-element-7f72e02 elementor-section-height-min-height elementor-section-boxed elementor-section-height-default elementor-section-items-middle\" data-id=\"7f72e02\" data-element_type=\"section\" data-settings=\"{&quot;background_background&quot;:&quot;classic&quot;}\">\n\t\t\t\t\t\t\t<div class=\"elementor-background-overlay\"><\/div>\n\t\t\t\t\t\t\t<div class=\"elementor-container elementor-column-gap-default\">\n\t\t\t\t\t<div class=\"elementor-column elementor-col-100 elementor-top-column elementor-element elementor-element-05b8e4a\" data-id=\"05b8e4a\" data-element_type=\"column\">\n\t\t\t<div class=\"elementor-widget-wrap elementor-element-populated\">\n\t\t\t\t\t\t<div class=\"elementor-element elementor-element-cb3ff97 elementor-widget elementor-widget-heading\" data-id=\"cb3ff97\" data-element_type=\"widget\" data-widget_type=\"heading.default\">\n\t\t\t\t<div class=\"elementor-widget-container\">\n\t\t\t\t\t<h2 class=\"elementor-heading-title elementor-size-default\">Polityka Prywatno\u015bci<\/h2>\t\t\t\t<\/div>\n\t\t\t\t<\/div>\n\t\t\t\t\t<\/div>\n\t\t<\/div>\n\t\t\t\t\t<\/div>\n\t\t<\/section>\n\t\t\t\t<section class=\"elementor-section elementor-top-section elementor-element elementor-element-c99f3b6 elementor-section-boxed elementor-section-height-default elementor-section-height-default\" data-id=\"c99f3b6\" data-element_type=\"section\" data-settings=\"{&quot;background_background&quot;:&quot;classic&quot;}\">\n\t\t\t\t\t\t<div class=\"elementor-container elementor-column-gap-default\">\n\t\t\t\t\t<div class=\"elementor-column elementor-col-100 elementor-top-column elementor-element elementor-element-cc4b1db\" data-id=\"cc4b1db\" data-element_type=\"column\">\n\t\t\t<div class=\"elementor-widget-wrap elementor-element-populated\">\n\t\t\t\t\t\t<div class=\"elementor-element elementor-element-188d8a9 elementor-widget elementor-widget-text-editor\" data-id=\"188d8a9\" data-element_type=\"widget\" data-widget_type=\"text-editor.default\">\n\t\t\t\t<div class=\"elementor-widget-container\">\n\t\t\t\t\t\t\t\t\t<p style=\"margin: 0px 0px 10px; font-size: 15px; color: #ffffff; line-height: 1.7; font-weight: 300; font-family: Raleway, sans-serif;\"><span style=\"color: #ffffff;\">Na podstawie art. 13 ust. 1 i ust. 2 rozporz\u0105dzenia Parlamentu Europejskiego i Rady (UE) 2016\/679 z 27.4.2016 r. w sprawie ochrony os\u00f3b fizycznych w zwi\u0105zku z przetwarzaniem danych osobowych i w sprawie swobodnego przep\u0142ywu takich danych oraz uchylenia dyrektywy 95\/46\/WE (dalej: RODO) stosowanego pocz\u0105wszy od 25 maja 2018r., informuj\u0119, \u017ce:<\/span><\/p><p style=\"margin: 0px 0px 10px; font-size: 15px; color: #333333; line-height: 1.7; font-weight: 300; font-family: Raleway, sans-serif;\"><span style=\"color: #ffffff;\">1)\u00a0\u00a0\u00a0\u00a0 Administratorem Pa\u0144stwa danych osobowych jest IoT Squad P.S.A. zwany dalej Administratorem; Administrator prowadzi operacje przetwarzania Pa\u0144stwa danych osobowych. Przetwarzamy Pa\u0144stwa dane osobowe jak dane identyfikacyjne, dane adresowe, dane kontaktowe, dane przekazane przez Pa\u0144stwa konieczne do \u015bwiadczenia przez nas us\u0142ug \/wykonania umowy oraz inne dane jakie b\u0119dziemy wymaga\u0107 przy zawieraniu umowy, wymagane od nas na podstawie ci\u0105\u017c\u0105cych na nas obowi\u0105zk\u00f3w prawnych\u00a0 lub kt\u00f3re pozyskamy od Pa\u0144stwa w trakcie jej wykonywania a kt\u00f3re b\u0119d\u0105 przetwarzane w celach okre\u015blonych poni\u017cej.<\/span><\/p><p style=\"margin: 0px 0px 10px; font-size: 15px; color: #333333; line-height: 1.7; font-weight: 300; font-family: Raleway, sans-serif;\"><span style=\"color: #ffffff;\">2)\u00a0\u00a0\u00a0\u00a0 Pa\u0144stwa dane osobowe przetwarzane b\u0119d\u0105 w celach:<\/span><\/p><p style=\"margin: 0px 0px 10px; font-size: 15px; color: #333333; line-height: 1.7; font-weight: 300; font-family: Raleway, sans-serif;\"><span style=\"color: #ffffff;\">a) zawarcia i wykonania \u0142\u0105cz\u0105cej Pa\u0144stwa z nami umowy w tym\u00a0 zapewnienia nale\u017cytej jako\u015bci \u015bwiadczenia us\u0142ug, dokonywania rozlicze\u0144. Podanie Pa\u0144stwa danych jest\u00a0 dobrowolne ale bez podania przez Pa\u0144stwa tych danych nie b\u0119dzie mo\u017cliwym nale\u017cyte \u015bwiadczenie us\u0142ug , wykonanie umowy lub jej zawarcie\u00a0 czy te\u017c skuteczne udzielenie pomocy\u00a0 lub kontakt z Pa\u0144stwem ( podstawa prawna art. 6 ust. 1 b) RODO);<\/span><\/p><p style=\"margin: 0px 0px 10px; font-size: 15px; color: #333333; line-height: 1.7; font-weight: 300; font-family: Raleway, sans-serif;\"><span style=\"color: #ffffff;\">b) wykonania ci\u0105\u017c\u0105cych na nas obowi\u0105zk\u00f3w prawnych jak np. podatkowych i sprawozdawczych oraz ich przetwarzania przez okres przewidziany prawem, w zakresie w jakim jeste\u015bmy do tego zobowi\u0105zani ( podstawa prawna art. 6 ust. 1 c) RODO);<\/span><\/p><p style=\"margin: 0px 0px 10px; font-size: 15px; color: #333333; line-height: 1.7; font-weight: 300; font-family: Raleway, sans-serif;\"><span style=\"color: #ffffff;\">c) wynikaj\u0105cych z naszego prawnie uzasadnionego interesu w tym ustalenia i dochodzenia naszych roszcze\u0144 lub obrony przeciwko roszczeniom do czasu w kt\u00f3rym roszczenia te nie ulegn\u0105 przedawnieniu ( podstawa prawna art. 6 ust. 1 f) RODO);<\/span><\/p><p style=\"margin: 0px 0px 10px; font-size: 15px; color: #333333; line-height: 1.7; font-weight: 300; font-family: Raleway, sans-serif;\"><span style=\"color: #ffffff;\">d)\u00a0 marketingu bezpo\u015bredniego naszych w\u0142asnych us\u0142ug o ile Pa\u0144stwo nie wyra\u017c\u0105\u00a0 swojego sprzeciwu wobec przetwarzania danych ( cel ten mie\u015bci si\u0119 do czasu otrzymania Pani\/Pana sprzeciwu w zakresie naszych prawnie uzasadnionych interes\u00f3w, przy czym zgoda na marketing bezpo\u015bredni nawet po jej udzieleniu mo\u017ce by\u0107 przez Pa\u0144stwa w ka\u017cdym czasie odwo\u0142ana) (podstawa prawna art. 6 ust. 1 f) RODO);<\/span><\/p><p style=\"margin: 0px 0px 10px; font-size: 15px; color: #333333; line-height: 1.7; font-weight: 300; font-family: Raleway, sans-serif;\"><span style=\"color: #ffffff;\">e) w pozosta\u0142ych celach na kt\u00f3re udzieli\u0142\/a Pan\/Pani nam swoj\u0105 zgod\u0119, o ile nie b\u0119dziemy mogli przetwarza\u0107 Pani\/Pana danych osobowych w oparciu o inn\u0105 podstaw\u0119 (podstawa prawna art.6 ust. 1 lit a) RODO).<\/span><\/p><p style=\"margin: 0px 0px 10px; font-size: 15px; color: #333333; line-height: 1.7; font-weight: 300; font-family: Raleway, sans-serif;\"><span style=\"color: #ffffff;\">Tak\u0105 udzielon\u0105 nam zgod\u0119 mo\u017ce Pan\/Pani cofn\u0105\u0107 w dowolnym momencie. Pragniemy jednak zaznaczy\u0107, i\u017c nie wp\u0142ywa to na zgodno\u015b\u0107 z prawem tego przetwarzania, kt\u00f3rego dokonano na podstawie zgody ale\u00a0 przed jej cofni\u0119ciem.<\/span><\/p><p style=\"margin: 0px 0px 10px; font-size: 15px; color: #333333; line-height: 1.7; font-weight: 300; font-family: Raleway, sans-serif;\"><span style=\"color: #ffffff;\">3)\u00a0\u00a0\u00a0\u00a0 \u00a0Komu Pa\u0144stwa dane mog\u0105 zosta\u0107 udost\u0119pnione:<\/span><\/p><p style=\"margin: 0px 0px 10px; font-size: 15px; color: #333333; line-height: 1.7; font-weight: 300; font-family: Raleway, sans-serif;\"><span style=\"color: #ffffff;\">a) s\u0142u\u017cbom i organom pa\u0144stwowym\u00a0 w\u00a0 tym samorz\u0105dowym, np. Policja, organy \u015bcigania, s\u0105dy.<\/span><\/p><p style=\"margin: 0px 0px 10px; font-size: 15px; color: #333333; line-height: 1.7; font-weight: 300; font-family: Raleway, sans-serif;\"><span style=\"color: #ffffff;\">b) w zakresie niesprzecznym z tajemnic\u0105 zawodow\u0105 podmiotom \u015bwiadcz\u0105cym na rzecz administratora r\u00f3\u017cnego rodzaju zewn\u0119trzne us\u0142ugi doradcze, audytowe, podatkow\u0105, rachunkow\u0105. Podobnie te\u017c w ramach naszego uzasadnionego interesu prawnego spowodowanego konieczno\u015bci\u0105 obrony, ustalenia i dochodzenia roszcze\u0144, Pa\u0144stwa dane mog\u0105 zosta\u0107 przekazane do naszego\u00a0 ubezpieczyciela czy te\u017c brokera\/po\u015brednika ubezpieczeniowego w zakresie w jakim b\u0119dzie to konieczne dla realizacji tego w\u0142a\u015bnie interesu prawnego.\u00a0 Powierzamy te\u017c dane podmiotom przetwarzaj\u0105cym dane\u00a0 na podstawie umowy powierzenia przetwarzania danych osobowych.<\/span><\/p><p style=\"margin: 0px 0px 10px; font-size: 15px; color: #333333; line-height: 1.7; font-weight: 300; font-family: Raleway, sans-serif;\"><span style=\"color: #ffffff;\">Zaznaczamy te\u017c, \u017ce obecnie nie zamierzamy\u00a0 przekaza\u0107\u00a0 danych osobowych do pa\u0144stwa trzeciego lub organizacji mi\u0119dzynarodowej a wi\u0119c poza terytorium Unii Europejskiej. Pa\u0144stwa dane osobowe nie podlegaj\u0105 zautomatyzowanemu podejmowaniu decyzji, w tym profilowaniu.<\/span><\/p><p style=\"margin: 0px 0px 10px; font-size: 15px; color: #333333; line-height: 1.7; font-weight: 300; font-family: Raleway, sans-serif;\"><span style=\"color: #ffffff;\">4)\u00a0\u00a0\u00a0\u00a0 posiadaj\u0105 Pa\u0144stwo prawo do \u017c\u0105dania od Administratora dost\u0119pu do swoich danych osobowych, ich sprostowania, usuni\u0119cia lub ograniczenia przetwarzania danych osobowych (\u201eprawo do bycia zapomnianym\u201d) , to \u017c\u0105dania spe\u0142nimy, o ile nie b\u0119dziemy mie\u0107 podstaw lub obowi\u0105zku ich dalszego przetwarzania; wniesienia sprzeciwu wobec\u00a0 przetwarzania, przenoszenia danych, wniesienia skargi do organu nadzorczego Organem nadzorczym jest\u00a0\u00a0 Prezes Urz\u0119du Ochrony Danych Osobowych do kt\u00f3rego b\u0119d\u0105\u00a0 Pa\u0144stwo mogli wnie\u015b\u0107 skarg\u0119; cofni\u0119cia zgody na przetwarzanie danych osobowych.<\/span><\/p><p style=\"margin: 0px 0px 10px; font-size: 15px; color: #333333; line-height: 1.7; font-weight: 300; font-family: Raleway, sans-serif;\"><span style=\"color: #ffffff;\">5)\u00a0\u00a0\u00a0\u00a0 Pa\u0144stwo, maj\u0105 prawo dowolnym momencie wnie\u015b\u0107 sprzeciw \u2013 z przyczyn zwi\u0105zanych Pa\u0144stwa szczeg\u00f3ln\u0105 sytuacj\u0105 co do przetwarzania przez nas danych osobowych opartego\u00a0 na art. 6 ust. 1 lit. lub f) RODO.<\/span><\/p><p style=\"margin: 0px 0px 10px; font-size: 15px; color: #333333; line-height: 1.7; font-weight: 300; font-family: Raleway, sans-serif;\"><span style=\"color: #ffffff;\">6)\u00a0\u00a0\u00a0\u00a0 Pa\u0144stwa\u00a0 dane osobowe planujemy przechowywa\u0107\u00a0 przechowywane przez okres:<\/span><\/p><p style=\"margin: 0px 0px 10px; font-size: 15px; color: #333333; line-height: 1.7; font-weight: 300; font-family: Raleway, sans-serif;\"><span style=\"color: #ffffff;\">a) do zako\u0144czenia\u00a0 negocjacji, wykonania i rozliczenia umowy\u00a0\u00a0 a nast\u0119pnie do up\u0142ywu przedawnienia roszcze\u0144 zwi\u0105zanych z umow\u0105.<\/span><\/p><p style=\"margin: 0px 0px 10px; font-size: 15px; color: #333333; line-height: 1.7; font-weight: 300; font-family: Raleway, sans-serif;\"><span style=\"color: #ffffff;\">b) Podobnie\u00a0 dane wykorzystywane w celu realizacji obowi\u0105zk\u00f3w prawnych\u00a0 jak np. dane wymagane w ksi\u0119gowo\u015bci, rachunkowo\u015bci,\u00a0 b\u0119dziemy przetwarza\u0107\u00a0 w tym celu przez ca\u0142y czas trwania tego obowi\u0105zku.<\/span><\/p><p style=\"margin: 0px 0px 10px; font-size: 15px; color: #333333; line-height: 1.7; font-weight: 300; font-family: Raleway, sans-serif;\"><span style=\"color: #ffffff;\">c) w przypadku danych wykorzystywanych przez nas w ramach naszego uzasadnionego interesu prawnego, b\u0119d\u0105 przetwarzane\u00a0 tak d\u0142ugo jak interes ten istnieje a w przypadku roszcze\u0144, do czasu ich wyga\u015bni\u0119cia czy przedawnienia. W przypadku marketingu bezpo\u015bredniego naszych us\u0142ug, dane te b\u0119d\u0105 przetwarzane do czasu wniesienia sprzeciwu wobec przetwarzania ich w tym celu.<\/span><\/p><p style=\"margin: 0px 0px 10px; font-size: 15px; color: #333333; line-height: 1.7; font-weight: 300; font-family: Raleway, sans-serif;\"><span style=\"color: #ffffff;\">d) w przypadku danych pozyskanych na podstawie zgody, do czasu jej odwo\u0142ania albo do up\u0142ywu czasu na jaki zgoda zosta\u0142 udzielona.<\/span><\/p><p style=\"margin: 0px 0px 10px; font-size: 15px; color: #333333; line-height: 1.7; font-weight: 300; font-family: Raleway, sans-serif;\"><span style=\"color: #ffffff;\">7)\u00a0\u00a0\u00a0\u00a0 Z przyznanych Pa\u0144stwu uprawnie\u0144 mog\u0105 Pa\u0144stwo skorzysta\u0107 kontaktuj\u0105c si\u0119 bezpo\u015brednio na nasze dane kontaktowe jako administratora. Firma nie powo\u0142a\u0142a Inspektora Ochrony Danych Osobowych.<\/span><\/p><p style=\"margin: 0px 0px 10px; font-size: 15px; color: #333333; line-height: 1.7; font-weight: 300; font-family: Raleway, sans-serif;\"><span style=\"color: #ffffff;\">8)\u00a0\u00a0\u00a0\u00a0 Cookies<\/span><\/p><p style=\"margin: 0px 0px 10px; font-size: 15px; color: #333333; line-height: 1.7; font-weight: 300; font-family: Raleway, sans-serif;\"><span style=\"color: #ffffff;\">a)\u00a0\u00a0\u00a0 Administrator informuje, i\u017c podczas korzystania z\u00a0serwisu dane osobowe s\u0105 zbierane automatycznie przez\u00a0cookies. Cookies zawieraj\u0105 informacje u\u0142atwiaj\u0105ce korzystanie ze\u00a0strony internetowej \u2013 np.\u00a0poprzez zapami\u0119tywanie odwiedzin U\u017cytkownika w\u00a0Serwisie i\u00a0dokonywanych przez\u00a0niego czynno\u015bci. Pliki cookies s\u0105 wykorzystywane przez\u00a0administratora do\u00a0poprawy jako\u015bci us\u0142ug.<\/span><\/p><p style=\"margin: 0px 0px 10px; font-size: 15px; color: #333333; line-height: 1.7; font-weight: 300; font-family: Raleway, sans-serif;\"><span style=\"color: #ffffff;\">b)\u00a0\u00a0\u00a0 Administrator oraz\u00a0inne podmioty \u015bwiadcz\u0105ce na\u00a0jego rzecz us\u0142ugi analityczne i\u00a0statystyczne korzystaj\u0105 z\u00a0plik\u00f3w cookies, przechowuj\u0105c informacje lub uzyskuj\u0105c dost\u0119p do\u00a0informacji ju\u017c przechowywanych w\u00a0telekomunikacyjnym urz\u0105dzeniu ko\u0144cowym U\u017cytkownika<\/span><\/p><p style=\"margin: 0px 0px 10px; font-size: 15px; color: #333333; line-height: 1.7; font-weight: 300; font-family: Raleway, sans-serif;\"><span style=\"color: #ffffff;\">c)\u00a0\u00a0\u00a0 Administrator informuje, \u017ce\u00a0piki cookies wykorzystywane to\u00a0:<\/span><\/p><p style=\"margin: 0px 0px 10px; font-size: 15px; color: #333333; line-height: 1.7; font-weight: 300; font-family: Raleway, sans-serif;\"><span style=\"color: #ffffff;\">d)\u00a0\u00a0\u00a0 Pliki cookies z\u00a0danymi wprowadzanymi przez\u00a0U\u017cytkownika (identyfikator sesji) na\u00a0czas trwania sesji (ang. user input cookies);<\/span><\/p><p style=\"margin: 0px 0px 10px; font-size: 15px; color: #333333; line-height: 1.7; font-weight: 300; font-family: Raleway, sans-serif;\"><span style=\"color: #ffffff;\">e)\u00a0\u00a0\u00a0 Uwierzytelniaj\u0105ce pliki cookies wykorzystywane do\u00a0us\u0142ug wymagaj\u0105cych uwierzytelniania na\u00a0czas trwania sesji (ang. authentication cookies);<\/span><\/p><p style=\"margin: 0px 0px 10px; font-size: 15px; color: #333333; line-height: 1.7; font-weight: 300; font-family: Raleway, sans-serif;\"><span style=\"color: #ffffff;\">f)\u00a0\u00a0\u00a0\u00a0 pliki cookies s\u0142u\u017c\u0105ce do\u00a0zapewnienia bezpiecze\u0144stwa, np.\u00a0wykorzystywane do\u00a0wykrywania nadu\u017cy\u0107 w\u00a0zakresie uwierzytelniania (ang. user centric security cookies);<\/span><\/p><p style=\"margin: 0px 0px 10px; font-size: 15px; color: #333333; line-height: 1.7; font-weight: 300; font-family: Raleway, sans-serif;\"><span style=\"color: #ffffff;\">g)\u00a0\u00a0\u00a0 sesyjne pliki cookies odtwarzaczy multimedialnych (np.\u00a0pliki cookies odtwarzacza flash), na\u00a0czas trwania sesji (ang. multimedia player session cookies);<\/span><\/p><p style=\"margin: 0px 0px 10px; font-size: 15px; color: #333333; line-height: 1.7; font-weight: 300; font-family: Raleway, sans-serif;\"><span style=\"color: #ffffff;\">h)\u00a0\u00a0\u00a0 pliki cookies s\u0142u\u017c\u0105ce do\u00a0monitorowania ruchu na\u00a0stronie internetowej, tj.\u00a0analityki danych, w\u00a0tym cookies Google Analytics (s\u0105 to\u00a0pliki wykorzystywane przez\u00a0sp\u00f3\u0142k\u0119 Google w\u00a0celu analizy sposobu korzystania z\u00a0Serwisu przez\u00a0U\u017cytkownika, do\u00a0tworzenia statystyk i\u00a0raport\u00f3w dotycz\u0105cych funkcjonowania Serwisu). Google nie\u00a0wykorzystuje zebranych danych do\u00a0identyfikacji U\u017cytkownika ani nie\u00a0\u0142\u0105czy tych informacji w\u00a0celu umo\u017cliwienia identyfikacji. Szczeg\u00f3\u0142owe informacje o\u00a0zakresie i\u00a0zasadach zbierania danych w\u00a0zwi\u0105zku z\u00a0t\u0105 us\u0142ug\u0105 mo\u017cna znale\u017a\u0107 pod\u00a0linkiem: https:\/\/www.google.com\/intl\/pl\/policies\/privacy\/partners.<\/span><\/p><p style=\"margin: 0px; font-size: 15px; color: #333333; line-height: 1.7; font-weight: 300; font-family: Raleway, sans-serif;\"><span style=\"color: #ffffff;\">i)\u00a0\u00a0\u00a0\u00a0 pliki cookies s\u0142u\u017c\u0105ce do\u00a0zapami\u0119tywanie stanu okienka \u201eAktualnie prowadzimy rekrutacj\u0119 na\u00a0stanowisko\u201d, kt\u00f3ry\u00a0pojawia si\u0119 na\u00a0stronie g\u0142\u00f3wnej<\/span><\/p>\t\t\t\t\t\t\t\t<\/div>\n\t\t\t\t<\/div>\n\t\t\t\t\t<\/div>\n\t\t<\/div>\n\t\t\t\t\t<\/div>\n\t\t<\/section>\n\t\t\t\t<\/div>","protected":false},"excerpt":{"rendered":"<p>Privacy policy Na podstawie art. 13 ust. 1 i ust. 2 rozporz\u0105dzenia Parlamentu Europejskiego i Rady (UE) 2016\/679 z 27.4.2016 r. w sprawie ochrony os\u00f3b fizycznych w zwi\u0105zku z przetwarzaniem danych osobowych i w sprawie swobodnego przep\u0142ywu takich danych oraz uchylenia dyrektywy 95\/46\/WE (dalej: RODO) stosowanego pocz\u0105wszy od 25 maja 2018r., informuj\u0119, \u017ce: 1)\u00a0\u00a0\u00a0\u00a0 Administratorem Pa\u0144stwa danych osobowych jest IoT [&hellip;]<\/p>","protected":false},"author":2,"featured_media":0,"parent":0,"menu_order":0,"comment_status":"closed","ping_status":"closed","template":"exline-elementor-page.php","meta":{"_themeisle_gutenberg_block_has_review":false,"footnotes":""},"class_list":["post-983","page","type-page","status-publish","hentry"],"yoast_head":"<!-- This site is optimized with the Yoast SEO plugin v26.4 - https:\/\/yoast.com\/wordpress\/plugins\/seo\/ -->\n<title>Privacy Policy - IoT Squad<\/title>\n<meta name=\"robots\" content=\"index, follow, max-snippet:-1, max-image-preview:large, max-video-preview:-1\" \/>\n<link rel=\"canonical\" href=\"https:\/\/iotsquad.tech\/pl\/privacy-policy\/\" \/>\n<meta property=\"og:locale\" content=\"pl_PL\" \/>\n<meta property=\"og:type\" content=\"article\" \/>\n<meta property=\"og:title\" content=\"Privacy Policy - IoT Squad\" \/>\n<meta property=\"og:description\" content=\"Privacy policy Na podstawie art. 13 ust. 1 i ust. 2 rozporz\u0105dzenia Parlamentu Europejskiego i Rady (UE) 2016\/679 z 27.4.2016 r. w sprawie ochrony os\u00f3b fizycznych w zwi\u0105zku z przetwarzaniem danych osobowych i w sprawie swobodnego przep\u0142ywu takich danych oraz uchylenia dyrektywy 95\/46\/WE (dalej: RODO) stosowanego pocz\u0105wszy od 25 maja 2018r., informuj\u0119, \u017ce: 1)\u00a0\u00a0\u00a0\u00a0 Administratorem Pa\u0144stwa danych osobowych jest IoT [&hellip;]\" \/>\n<meta property=\"og:url\" content=\"https:\/\/iotsquad.tech\/pl\/privacy-policy\/\" \/>\n<meta property=\"og:site_name\" content=\"IoT Squad\" \/>\n<meta property=\"article:modified_time\" content=\"2026-04-07T19:59:50+00:00\" \/>\n<script type=\"application\/ld+json\" class=\"yoast-schema-graph\">{\"@context\":\"https:\/\/schema.org\",\"@graph\":[{\"@type\":\"WebPage\",\"@id\":\"https:\/\/iotsquad.tech\/privacy-policy\/\",\"url\":\"https:\/\/iotsquad.tech\/privacy-policy\/\",\"name\":\"Privacy Policy - IoT Squad\",\"isPartOf\":{\"@id\":\"https:\/\/iotsquad.tech\/#website\"},\"datePublished\":\"2022-05-09T10:14:38+00:00\",\"dateModified\":\"2026-04-07T19:59:50+00:00\",\"breadcrumb\":{\"@id\":\"https:\/\/iotsquad.tech\/privacy-policy\/#breadcrumb\"},\"inLanguage\":\"pl-PL\",\"potentialAction\":[{\"@type\":\"ReadAction\",\"target\":[\"https:\/\/iotsquad.tech\/privacy-policy\/\"]}]},{\"@type\":\"BreadcrumbList\",\"@id\":\"https:\/\/iotsquad.tech\/privacy-policy\/#breadcrumb\",\"itemListElement\":[{\"@type\":\"ListItem\",\"position\":1,\"name\":\"Home\",\"item\":\"https:\/\/iotsquad.tech\/\"},{\"@type\":\"ListItem\",\"position\":2,\"name\":\"Privacy Policy\"}]},{\"@type\":\"WebSite\",\"@id\":\"https:\/\/iotsquad.tech\/#website\",\"url\":\"https:\/\/iotsquad.tech\/\",\"name\":\"IoT Squad\",\"description\":\"Sovereign IoT solutions from sensors to cloud\",\"publisher\":{\"@id\":\"https:\/\/iotsquad.tech\/#organization\"},\"potentialAction\":[{\"@type\":\"SearchAction\",\"target\":{\"@type\":\"EntryPoint\",\"urlTemplate\":\"https:\/\/iotsquad.tech\/?s={search_term_string}\"},\"query-input\":{\"@type\":\"PropertyValueSpecification\",\"valueRequired\":true,\"valueName\":\"search_term_string\"}}],\"inLanguage\":\"pl-PL\"},{\"@type\":\"Organization\",\"@id\":\"https:\/\/iotsquad.tech\/#organization\",\"name\":\"IoT Squad P.S.A.\",\"alternateName\":\"IoT Squad\",\"url\":\"https:\/\/iotsquad.tech\/\",\"logo\":{\"@type\":\"ImageObject\",\"inLanguage\":\"pl-PL\",\"@id\":\"https:\/\/iotsquad.tech\/#\/schema\/logo\/image\/\",\"url\":\"https:\/\/iotsquad.tech\/wp-content\/uploads\/2024\/02\/iot_squad_black.svg\",\"contentUrl\":\"https:\/\/iotsquad.tech\/wp-content\/uploads\/2024\/02\/iot_squad_black.svg\",\"width\":160,\"height\":129,\"caption\":\"IoT Squad P.S.A.\"},\"image\":{\"@id\":\"https:\/\/iotsquad.tech\/#\/schema\/logo\/image\/\"},\"sameAs\":[\"https:\/\/www.linkedin.com\/company\/iotsquad\"]}]}<\/script>\n<!-- \/ Yoast SEO plugin. -->","yoast_head_json":{"title":"Privacy Policy - IoT Squad","robots":{"index":"index","follow":"follow","max-snippet":"max-snippet:-1","max-image-preview":"max-image-preview:large","max-video-preview":"max-video-preview:-1"},"canonical":"https:\/\/iotsquad.tech\/pl\/privacy-policy\/","og_locale":"pl_PL","og_type":"article","og_title":"Privacy Policy - IoT Squad","og_description":"Privacy policy Na podstawie art. 13 ust. 1 i ust. 2 rozporz\u0105dzenia Parlamentu Europejskiego i Rady (UE) 2016\/679 z 27.4.2016 r. w sprawie ochrony os\u00f3b fizycznych w zwi\u0105zku z przetwarzaniem danych osobowych i w sprawie swobodnego przep\u0142ywu takich danych oraz uchylenia dyrektywy 95\/46\/WE (dalej: RODO) stosowanego pocz\u0105wszy od 25 maja 2018r., informuj\u0119, \u017ce: 1)\u00a0\u00a0\u00a0\u00a0 Administratorem Pa\u0144stwa danych osobowych jest IoT [&hellip;]","og_url":"https:\/\/iotsquad.tech\/pl\/privacy-policy\/","og_site_name":"IoT Squad","article_modified_time":"2026-04-07T19:59:50+00:00","schema":{"@context":"https:\/\/schema.org","@graph":[{"@type":"WebPage","@id":"https:\/\/iotsquad.tech\/privacy-policy\/","url":"https:\/\/iotsquad.tech\/privacy-policy\/","name":"Privacy Policy - IoT Squad","isPartOf":{"@id":"https:\/\/iotsquad.tech\/#website"},"datePublished":"2022-05-09T10:14:38+00:00","dateModified":"2026-04-07T19:59:50+00:00","breadcrumb":{"@id":"https:\/\/iotsquad.tech\/privacy-policy\/#breadcrumb"},"inLanguage":"pl-PL","potentialAction":[{"@type":"ReadAction","target":["https:\/\/iotsquad.tech\/privacy-policy\/"]}]},{"@type":"BreadcrumbList","@id":"https:\/\/iotsquad.tech\/privacy-policy\/#breadcrumb","itemListElement":[{"@type":"ListItem","position":1,"name":"Home","item":"https:\/\/iotsquad.tech\/"},{"@type":"ListItem","position":2,"name":"Privacy Policy"}]},{"@type":"WebSite","@id":"https:\/\/iotsquad.tech\/#website","url":"https:\/\/iotsquad.tech\/","name":"IoT Squad","description":"Suwerenne rozwi\u0105zania IoT \u2013 od sensor\u00f3w po chmur\u0119","publisher":{"@id":"https:\/\/iotsquad.tech\/#organization"},"potentialAction":[{"@type":"SearchAction","target":{"@type":"EntryPoint","urlTemplate":"https:\/\/iotsquad.tech\/?s={search_term_string}"},"query-input":{"@type":"PropertyValueSpecification","valueRequired":true,"valueName":"search_term_string"}}],"inLanguage":"pl-PL"},{"@type":"Organization","@id":"https:\/\/iotsquad.tech\/#organization","name":"IoT Squad P.S.A.","alternateName":"IoT Squad","url":"https:\/\/iotsquad.tech\/","logo":{"@type":"ImageObject","inLanguage":"pl-PL","@id":"https:\/\/iotsquad.tech\/#\/schema\/logo\/image\/","url":"https:\/\/iotsquad.tech\/wp-content\/uploads\/2024\/02\/iot_squad_black.svg","contentUrl":"https:\/\/iotsquad.tech\/wp-content\/uploads\/2024\/02\/iot_squad_black.svg","width":160,"height":129,"caption":"IoT Squad P.S.A."},"image":{"@id":"https:\/\/iotsquad.tech\/#\/schema\/logo\/image\/"},"sameAs":["https:\/\/www.linkedin.com\/company\/iotsquad"]}]}},"_links":{"self":[{"href":"https:\/\/iotsquad.tech\/pl\/wp-json\/wp\/v2\/pages\/983","targetHints":{"allow":["GET"]}}],"collection":[{"href":"https:\/\/iotsquad.tech\/pl\/wp-json\/wp\/v2\/pages"}],"about":[{"href":"https:\/\/iotsquad.tech\/pl\/wp-json\/wp\/v2\/types\/page"}],"author":[{"embeddable":true,"href":"https:\/\/iotsquad.tech\/pl\/wp-json\/wp\/v2\/users\/2"}],"replies":[{"embeddable":true,"href":"https:\/\/iotsquad.tech\/pl\/wp-json\/wp\/v2\/comments?post=983"}],"version-history":[{"count":23,"href":"https:\/\/iotsquad.tech\/pl\/wp-json\/wp\/v2\/pages\/983\/revisions"}],"predecessor-version":[{"id":6200,"href":"https:\/\/iotsquad.tech\/pl\/wp-json\/wp\/v2\/pages\/983\/revisions\/6200"}],"wp:attachment":[{"href":"https:\/\/iotsquad.tech\/pl\/wp-json\/wp\/v2\/media?parent=983"}],"curies":[{"name":"wp","href":"https:\/\/api.w.org\/{rel}","templated":true}]}}